{"id":51,"date":"2015-03-06T22:22:20","date_gmt":"2015-03-06T22:22:20","guid":{"rendered":"http:\/\/www.procant.de\/?page_id=51"},"modified":"2026-01-02T21:47:40","modified_gmt":"2026-01-02T20:47:40","slug":"stadtradio-goettingen","status":"publish","type":"page","link":"https:\/\/www.procant.de\/?page_id=51","title":{"rendered":"Stadtradio G\u00f6ttingen"},"content":{"rendered":"<div class=\"wp-block-image\">\n<figure class=\"aligncenter\"><img data-recalc-dims=\"1\" loading=\"lazy\" decoding=\"async\" width=\"300\" height=\"126\" data-attachment-id=\"53\" data-permalink=\"https:\/\/www.procant.de\/?attachment_id=53\" data-orig-file=\"https:\/\/i0.wp.com\/www.procant.de\/wp-content\/uploads\/2015\/03\/srg.jpg?fit=822%2C344&amp;ssl=1\" data-orig-size=\"822,344\" data-comments-opened=\"1\" data-image-meta=\"{&quot;aperture&quot;:&quot;0&quot;,&quot;credit&quot;:&quot;&quot;,&quot;camera&quot;:&quot;&quot;,&quot;caption&quot;:&quot;&quot;,&quot;created_timestamp&quot;:&quot;0&quot;,&quot;copyright&quot;:&quot;&quot;,&quot;focal_length&quot;:&quot;0&quot;,&quot;iso&quot;:&quot;0&quot;,&quot;shutter_speed&quot;:&quot;0&quot;,&quot;title&quot;:&quot;&quot;,&quot;orientation&quot;:&quot;0&quot;}\" data-image-title=\"srg\" data-image-description=\"\" data-image-caption=\"\" data-large-file=\"https:\/\/i0.wp.com\/www.procant.de\/wp-content\/uploads\/2015\/03\/srg.jpg?fit=822%2C344&amp;ssl=1\" src=\"https:\/\/i0.wp.com\/www.procant.de\/wp-content\/uploads\/2015\/03\/srg.jpg?resize=300%2C126&#038;ssl=1\" alt=\"srg\" class=\"wp-image-53\" srcset=\"https:\/\/i0.wp.com\/www.procant.de\/wp-content\/uploads\/2015\/03\/srg.jpg?resize=300%2C126&amp;ssl=1 300w, https:\/\/i0.wp.com\/www.procant.de\/wp-content\/uploads\/2015\/03\/srg.jpg?w=822&amp;ssl=1 822w\" sizes=\"auto, (max-width: 300px) 100vw, 300px\" \/><\/figure>\n<\/div>\n\n\n<p><\/p>\n\n\n\n<h1 class=\"wp-block-heading\">Martinas Plauderstunde &#8211; kurzundgut<\/h1>\n\n\n\n<p>Zum 20-j\u00e4hrigen Jubil\u00e4um hat Stephan im November 2025 ein halbes St\u00fcndchen mit Martina Frigge-Filbir geplaudert.<\/p>\n\n\n\n<figure class=\"wp-block-audio\"><audio controls src=\"https:\/\/www.procant.de\/wp-content\/uploads\/2026\/01\/Martina-plauderstunde_Diedrich_16NOV2025.mp3\"><\/audio><figcaption class=\"wp-element-caption\">Kurze und gute Plauderei mit Martina, November 2025<\/figcaption><\/figure>\n\n\n\n<figure class=\"wp-block-image size-full\"><a href=\"https:\/\/i0.wp.com\/www.procant.de\/wp-content\/uploads\/2026\/01\/M6-16_11_2025_fullview.jpg?ssl=1\" data-rel=\"lightbox-image-0\" data-rl_title=\"\" data-rl_caption=\"\" title=\"\"><img data-recalc-dims=\"1\" loading=\"lazy\" decoding=\"async\" width=\"600\" height=\"600\" data-attachment-id=\"941\" data-permalink=\"https:\/\/www.procant.de\/?attachment_id=941\" data-orig-file=\"https:\/\/i0.wp.com\/www.procant.de\/wp-content\/uploads\/2026\/01\/M6-16_11_2025_fullview.jpg?fit=600%2C600&amp;ssl=1\" data-orig-size=\"600,600\" data-comments-opened=\"1\" data-image-meta=\"{&quot;aperture&quot;:&quot;0&quot;,&quot;credit&quot;:&quot;&quot;,&quot;camera&quot;:&quot;&quot;,&quot;caption&quot;:&quot;&quot;,&quot;created_timestamp&quot;:&quot;0&quot;,&quot;copyright&quot;:&quot;&quot;,&quot;focal_length&quot;:&quot;0&quot;,&quot;iso&quot;:&quot;0&quot;,&quot;shutter_speed&quot;:&quot;0&quot;,&quot;title&quot;:&quot;&quot;,&quot;orientation&quot;:&quot;0&quot;}\" data-image-title=\"M6-16_11_2025_fullview\" data-image-description=\"\" data-image-caption=\"\" data-large-file=\"https:\/\/i0.wp.com\/www.procant.de\/wp-content\/uploads\/2026\/01\/M6-16_11_2025_fullview.jpg?fit=600%2C600&amp;ssl=1\" src=\"https:\/\/i0.wp.com\/www.procant.de\/wp-content\/uploads\/2026\/01\/M6-16_11_2025_fullview.jpg?resize=600%2C600&#038;ssl=1\" alt=\"\" class=\"wp-image-941\" srcset=\"https:\/\/i0.wp.com\/www.procant.de\/wp-content\/uploads\/2026\/01\/M6-16_11_2025_fullview.jpg?w=600&amp;ssl=1 600w, https:\/\/i0.wp.com\/www.procant.de\/wp-content\/uploads\/2026\/01\/M6-16_11_2025_fullview.jpg?resize=300%2C300&amp;ssl=1 300w, https:\/\/i0.wp.com\/www.procant.de\/wp-content\/uploads\/2026\/01\/M6-16_11_2025_fullview.jpg?resize=150%2C150&amp;ssl=1 150w, https:\/\/i0.wp.com\/www.procant.de\/wp-content\/uploads\/2026\/01\/M6-16_11_2025_fullview.jpg?resize=80%2C80&amp;ssl=1 80w, https:\/\/i0.wp.com\/www.procant.de\/wp-content\/uploads\/2026\/01\/M6-16_11_2025_fullview.jpg?resize=320%2C320&amp;ssl=1 320w\" sizes=\"auto, (max-width: 600px) 100vw, 600px\" \/><\/a><\/figure>\n\n\n\n<hr class=\"wp-block-separator has-alpha-channel-opacity\"\/>\n\n\n\n<h2 class=\"wp-block-heading\">1 Stunde &#8211; 1 Thema (13.2.2018)<\/h2>\n\n\n\n<p class=\"western\">Neues Halbjahresprogramm 2018 des G\u00f6ttinger Chores ProCant (<a href=\"https:\/\/www.stadtradio-goettingen.de\/apool\/srg\/content\/e588\/e13528\/e43563\/20180213_1h1t_ProCant-Podcast.mp3\" target=\"_blank\" rel=\"noreferrer noopener\">Link<\/a>)<\/p>\n\n\n\n<hr class=\"wp-block-separator has-alpha-channel-opacity\"\/>\n\n\n\n<h2 class=\"wp-block-heading\" id=\"we-re-a-studio-in-berlin-with-an-international-practice-in-architecture-urban-planning-and-interior-design-we-believe-in-sharing-knowledge-and-promoting-dialogue-to-increase-the-creative-potential-of-collaboration\">H\u00f6rBar (12.2.2014)<\/h2>\n\n\n\n<p>Stephan Diedrich (Leitung) und Meike Schweisfurth (Alt) waren zu Gast bei Julia Kleine im Stadtradio G\u00f6ttingen. Das Interview wurde vorab aufgezeichnet und wurde am 12.02.2014 zwischen 9 und 10 Uhr in der Sendung \u201cH\u00f6rBar\u201d ausgestrahlt.&nbsp;Hier k\u00f6nnen die Mitschnitte des Interviews nachgeh\u00f6rt werden:<\/p>\n\n\n\n<figure class=\"wp-block-audio\"><audio controls src=\"https:\/\/www.procant.de\/wp-content\/uploads\/2015\/03\/H\u00f6rBar-ProCant-Teil-1.mp3\"><\/audio><figcaption class=\"wp-element-caption\">H\u00f6rBar-Interview-Teil 1<\/figcaption><\/figure>\n\n\n\n<figure class=\"wp-block-audio\"><audio controls src=\"https:\/\/www.procant.de\/wp-content\/uploads\/2015\/03\/01-Schaff-in-mir-Gott-ein-reines-Herz.mp3\"><\/audio><figcaption class=\"wp-element-caption\">Schaff&#8216; in mir Gott ein reines Herz (Live in St. Michael am 20.02.2010)<\/figcaption><\/figure>\n\n\n\n<figure class=\"wp-block-audio\"><audio controls src=\"https:\/\/www.procant.de\/wp-content\/uploads\/2015\/03\/H\u00f6rBar-ProCant-Teil-2.mp3\"><\/audio><figcaption class=\"wp-element-caption\">H\u00f6rBar-Interview-Teil 2<\/figcaption><\/figure>\n\n\n\n<figure class=\"wp-block-audio\"><audio controls src=\"https:\/\/www.procant.de\/wp-content\/uploads\/2015\/03\/Elgar-My-love-dwelt-in-a-northern-land.mp3\"><\/audio><figcaption class=\"wp-element-caption\">Elgar &#8211; My love dwelt in a Northern Land<\/figcaption><\/figure>\n\n\n\n<figure class=\"wp-block-audio\"><audio controls src=\"https:\/\/www.procant.de\/wp-content\/uploads\/2015\/03\/H\u00f6rBar-ProCant-Teil-3.mp3\"><\/audio><figcaption class=\"wp-element-caption\">H\u00f6rBar-Interview-Teil 3<\/figcaption><\/figure>\n\n\n\n<figure class=\"wp-block-audio\"><audio controls src=\"https:\/\/www.procant.de\/wp-content\/uploads\/2015\/03\/08-In-paradisum.mp3\"><\/audio><figcaption class=\"wp-element-caption\">Faur\u00e9 &#8211; In Paradisum<\/figcaption><\/figure>\n\n\n\n<figure class=\"wp-block-audio\"><audio controls src=\"https:\/\/www.procant.de\/wp-content\/uploads\/2015\/03\/H\u00f6rBar-ProCant-Teil-4.mp3\"><\/audio><figcaption class=\"wp-element-caption\">H\u00f6rBar-Interview-Teil 4<\/figcaption><\/figure>\n\n\n\n<figure class=\"wp-block-audio\"><audio controls src=\"https:\/\/www.procant.de\/wp-content\/uploads\/2015\/03\/14-Misericordias-Domini-KV-222-1.mp3\"><\/audio><figcaption class=\"wp-element-caption\">Mozart &#8211; Misericordias Domini KV 222<\/figcaption><\/figure>\n\n\n\n<figure class=\"wp-block-image\"><img data-recalc-dims=\"1\" loading=\"lazy\" decoding=\"async\" width=\"300\" height=\"225\" data-attachment-id=\"58\" data-permalink=\"https:\/\/www.procant.de\/?attachment_id=58\" data-orig-file=\"https:\/\/i0.wp.com\/www.procant.de\/wp-content\/uploads\/2015\/03\/IMG_20140130_105940.jpg?fit=689%2C517&amp;ssl=1\" data-orig-size=\"689,517\" data-comments-opened=\"1\" data-image-meta=\"{&quot;aperture&quot;:&quot;0&quot;,&quot;credit&quot;:&quot;&quot;,&quot;camera&quot;:&quot;&quot;,&quot;caption&quot;:&quot;&quot;,&quot;created_timestamp&quot;:&quot;0&quot;,&quot;copyright&quot;:&quot;&quot;,&quot;focal_length&quot;:&quot;0&quot;,&quot;iso&quot;:&quot;0&quot;,&quot;shutter_speed&quot;:&quot;0&quot;,&quot;title&quot;:&quot;&quot;,&quot;orientation&quot;:&quot;0&quot;}\" data-image-title=\"IMG_20140130_105940\" data-image-description=\"\" data-image-caption=\"\" data-large-file=\"https:\/\/i0.wp.com\/www.procant.de\/wp-content\/uploads\/2015\/03\/IMG_20140130_105940.jpg?fit=689%2C517&amp;ssl=1\" src=\"https:\/\/i0.wp.com\/www.procant.de\/wp-content\/uploads\/2015\/03\/IMG_20140130_105940.jpg?resize=300%2C225&#038;ssl=1\" alt=\"IMG_20140130_105940\" class=\"wp-image-58\" srcset=\"https:\/\/i0.wp.com\/www.procant.de\/wp-content\/uploads\/2015\/03\/IMG_20140130_105940.jpg?resize=300%2C225&amp;ssl=1 300w, https:\/\/i0.wp.com\/www.procant.de\/wp-content\/uploads\/2015\/03\/IMG_20140130_105940.jpg?w=689&amp;ssl=1 689w\" sizes=\"auto, (max-width: 300px) 100vw, 300px\" \/><\/figure>\n\n\n\n<p><\/p>\n","protected":false},"excerpt":{"rendered":"<p>Martinas Plauderstunde &#8211; kurzundgut Zum 20-j\u00e4hrigen Jubil\u00e4um hat Stephan im November 2025 ein halbes St\u00fcndchen mit Martina Frigge-Filbir geplaudert. 1 Stunde &#8211; 1 Thema (13.2.2018) Neues Halbjahresprogramm 2018 des G\u00f6ttinger Chores ProCant (Link) H\u00f6rBar&#46;&#46;&#46;<\/p>\n","protected":false},"author":1,"featured_media":0,"parent":0,"menu_order":0,"comment_status":"open","ping_status":"open","template":"","meta":{"jetpack_post_was_ever_published":false,"footnotes":""},"class_list":["post-51","page","type-page","status-publish","hentry"],"jetpack_sharing_enabled":true,"jetpack_shortlink":"https:\/\/wp.me\/P65Fix-P","jetpack-related-posts":[{"id":16,"url":"https:\/\/www.procant.de\/?page_id=16","url_meta":{"origin":51,"position":0},"title":"Rezensionen","author":"procant","date":"M\u00e4rz 2, 2015","format":false,"excerpt":"Jubil\u00e4umskonzert \"Superstar\" 22.11.2025, samiki.de (Link) \"Die Citykirche St.Michael konnte das Auditorium kaum fassen. Der Dirigent Stephan Diedrich konnte diesen Anblick kaum fassen. Und die Zuh\u00f6rer konnten das Gesangsniveau kaum fassen: Welch ein fulminantes Jubil\u00e4umskonzert!\" \"[...] wurde die Stimmgewaltigkeit des Ensemble ProCant und des Schulchores des Eichsfeld-Gymnasiums Duderstadt allen klar\" Musik\u2026","rel":"","context":"\u00c4hnlicher Beitrag","block_context":{"text":"\u00c4hnlicher Beitrag","link":""},"img":{"alt_text":"Stapel von alten Zeitungen und Zeitschriften","src":"https:\/\/i0.wp.com\/www.procant.de\/wp-content\/uploads\/2015\/03\/Altpapier-300x275.jpg?resize=350%2C200","width":350,"height":200},"classes":[]},{"id":360,"url":"https:\/\/www.procant.de\/?page_id=360","url_meta":{"origin":51,"position":1},"title":"Chor und Leitung","author":"procant","date":"Januar 21, 2020","format":false,"excerpt":"Ensemble ProCant Das Ensemble ProCant besteht seit 2005 und erarbeitet in regelm\u00e4\u00dfigen Abst\u00e4nden ein Programm aus geistlicher oder weltlicher Chormusik. Projekte der vergangenen Jahre umfassten unter anderem Werke der Komponisten Bach, Mozart, Brahms, Mendelssohn Bartholdy, Rheinberger, Debussy, Elgar, Telemann, Faur\u00e9, Monteverdi, Orb\u00e1n, Jenkins, Gjeilo, Puccini, Herzogenberg und zuletzt die Misatango\u2026","rel":"","context":"\u00c4hnlicher Beitrag","block_context":{"text":"\u00c4hnlicher Beitrag","link":""},"img":{"alt_text":"","src":"https:\/\/i0.wp.com\/www.procant.de\/wp-content\/uploads\/2025\/07\/IMG_7596-1-scaled.jpeg?resize=350%2C200&ssl=1","width":350,"height":200,"srcset":"https:\/\/i0.wp.com\/www.procant.de\/wp-content\/uploads\/2025\/07\/IMG_7596-1-scaled.jpeg?resize=350%2C200&ssl=1 1x, https:\/\/i0.wp.com\/www.procant.de\/wp-content\/uploads\/2025\/07\/IMG_7596-1-scaled.jpeg?resize=525%2C300&ssl=1 1.5x, https:\/\/i0.wp.com\/www.procant.de\/wp-content\/uploads\/2025\/07\/IMG_7596-1-scaled.jpeg?resize=700%2C400&ssl=1 2x, https:\/\/i0.wp.com\/www.procant.de\/wp-content\/uploads\/2025\/07\/IMG_7596-1-scaled.jpeg?resize=1050%2C600&ssl=1 3x, https:\/\/i0.wp.com\/www.procant.de\/wp-content\/uploads\/2025\/07\/IMG_7596-1-scaled.jpeg?resize=1400%2C800&ssl=1 4x"},"classes":[]},{"id":541,"url":"https:\/\/www.procant.de\/?page_id=541","url_meta":{"origin":51,"position":2},"title":"Verein","author":"procant","date":"Dezember 10, 2024","format":false,"excerpt":"Sie wollen Mitglied werden? Laden Sie den Mitgliedsantrag herunter und senden Sie uns das ausgef\u00fcllte und unterschriebene Formular zu, am besten eingescannt als Mail-Anhang an vorstand@procant.de. Unsere Satzung und unsere Datenschutzerkl\u00e4rung finden Sie ebenfalls hier: Mitgliedsantrag Satzung Datenschutzerkl\u00e4rung Sie m\u00f6chten das Ensemble ProCant e.V. mit einer Spende unterst\u00fctzen? Hier finden\u2026","rel":"","context":"\u00c4hnlicher Beitrag","block_context":{"text":"\u00c4hnlicher Beitrag","link":""},"img":{"alt_text":"","src":"https:\/\/i0.wp.com\/www.procant.de\/wp-content\/uploads\/2025\/07\/qr-code-skatbank-1.png?resize=350%2C200&ssl=1","width":350,"height":200},"classes":[]},{"id":263,"url":"https:\/\/www.procant.de\/?page_id=263","url_meta":{"origin":51,"position":3},"title":"Datenschutzerkl\u00e4rung","author":"procant","date":"Dezember 31, 2018","format":false,"excerpt":"Datenschutz\u00aderkl\u00e4rung 1. Datenschutz auf einen Blick Allgemeine Hinweise Die folgenden Hinweise geben einen einfachen \u00dcberblick dar\u00fcber, was mit Ihren personenbezogenen Daten passiert, wenn Sie diese Website besuchen. Personenbezogene Daten sind alle Daten, mit denen Sie pers\u00f6nlich identifiziert werden k\u00f6nnen. Ausf\u00fchrliche Informationen zum Thema Datenschutz entnehmen Sie unserer unter diesem Text\u2026","rel":"","context":"\u00c4hnlicher Beitrag","block_context":{"text":"\u00c4hnlicher Beitrag","link":""},"img":{"alt_text":"","src":"","width":0,"height":0},"classes":[]},{"id":27,"url":"https:\/\/www.procant.de\/?page_id=27","url_meta":{"origin":51,"position":4},"title":"H\u00f6rproben","author":"procant","date":"M\u00e4rz 3, 2015","format":false,"excerpt":"M\u00e4rz 2025 https:\/\/youtu.be\/XgdZdoWKKG4 \u00a0 Dezember 2024 https:\/\/youtu.be\/o2LBQS1eqyg November 2024 https:\/\/youtu.be\/xzmUzORglSE \u00a0 Juli 2014 https:\/\/www.youtube.com\/watch?v=zLlMBuqdLY0 \u00a0 https:\/\/www.youtube.com\/watch?v=RlWhcaC4l_4 \u00a0 September 2012 https:\/\/www.youtube.com\/watch?v=8mdxrdFAzeE \u00a0 28.04.2012 https:\/\/www.youtube.com\/watch?v=xqUbvwy-4QM \u00a0 28.04.2012 https:\/\/www.youtube.com\/watch?v=7VHkFXURwrw \u00a0 20.02.2010 https:\/\/www.youtube.com\/watch?v=7hWHgH7OPtw","rel":"","context":"Mit 1 Kommentar","block_context":{"text":"Mit 1 Kommentar","link":"https:\/\/www.procant.de\/?page_id=27#comments"},"img":{"alt_text":"","src":"https:\/\/i0.wp.com\/img.youtube.com\/vi\/XgdZdoWKKG4\/0.jpg?resize=350%2C200","width":350,"height":200},"classes":[]},{"id":41,"url":"https:\/\/www.procant.de\/?page_id=41","url_meta":{"origin":51,"position":5},"title":"Mitsingen","author":"procant","date":"M\u00e4rz 5, 2015","format":false,"excerpt":"Du m\u00f6chtest beim n\u00e4chsten Projekt selbst mitsingen? Gern! W\u00e4hrend der Projektphasen proben wir\u00a0w\u00f6chentlich donnerstags von 19:45-22:00 Uhr im Gemeindesaal\u00a0der Citykirche St. Michael (Kurze Stra\u00dfe). Ein Einstieg ist immer zu Beginn eines Projekts m\u00f6glich. Zum Reinschnuppern kann man\u00a0aber auch w\u00e4hrend eines laufenden Projekts eine Probe besuchen. Wenn du ein aktiver Teil\u2026","rel":"","context":"Mit 1 Kommentar","block_context":{"text":"Mit 1 Kommentar","link":"https:\/\/www.procant.de\/?page_id=41#comments"},"img":{"alt_text":"","src":"https:\/\/i0.wp.com\/www.procant.de\/wp-content\/uploads\/2015\/03\/choir-408422_1280.jpg?resize=350%2C200&ssl=1","width":350,"height":200,"srcset":"https:\/\/i0.wp.com\/www.procant.de\/wp-content\/uploads\/2015\/03\/choir-408422_1280.jpg?resize=350%2C200&ssl=1 1x, https:\/\/i0.wp.com\/www.procant.de\/wp-content\/uploads\/2015\/03\/choir-408422_1280.jpg?resize=525%2C300&ssl=1 1.5x, https:\/\/i0.wp.com\/www.procant.de\/wp-content\/uploads\/2015\/03\/choir-408422_1280.jpg?resize=700%2C400&ssl=1 2x, https:\/\/i0.wp.com\/www.procant.de\/wp-content\/uploads\/2015\/03\/choir-408422_1280.jpg?resize=1050%2C600&ssl=1 3x"},"classes":[]}],"_links":{"self":[{"href":"https:\/\/www.procant.de\/index.php?rest_route=\/wp\/v2\/pages\/51","targetHints":{"allow":["GET"]}}],"collection":[{"href":"https:\/\/www.procant.de\/index.php?rest_route=\/wp\/v2\/pages"}],"about":[{"href":"https:\/\/www.procant.de\/index.php?rest_route=\/wp\/v2\/types\/page"}],"author":[{"embeddable":true,"href":"https:\/\/www.procant.de\/index.php?rest_route=\/wp\/v2\/users\/1"}],"replies":[{"embeddable":true,"href":"https:\/\/www.procant.de\/index.php?rest_route=%2Fwp%2Fv2%2Fcomments&post=51"}],"version-history":[{"count":9,"href":"https:\/\/www.procant.de\/index.php?rest_route=\/wp\/v2\/pages\/51\/revisions"}],"predecessor-version":[{"id":946,"href":"https:\/\/www.procant.de\/index.php?rest_route=\/wp\/v2\/pages\/51\/revisions\/946"}],"wp:attachment":[{"href":"https:\/\/www.procant.de\/index.php?rest_route=%2Fwp%2Fv2%2Fmedia&parent=51"}],"curies":[{"name":"wp","href":"https:\/\/api.w.org\/{rel}","templated":true}]}}