{"id":549,"date":"2024-12-10T19:37:54","date_gmt":"2024-12-10T19:37:54","guid":{"rendered":"https:\/\/www.procant.de\/?page_id=549"},"modified":"2024-12-10T19:41:19","modified_gmt":"2024-12-10T19:41:19","slug":"impressum","status":"publish","type":"page","link":"https:\/\/www.procant.de\/?page_id=549","title":{"rendered":"Impressum"},"content":{"rendered":"\n<p>Ensemble ProCant e.V.<br>1. Vorsitzender: Stephan Diedrich<br>An der Bleichwiese 4<br>37073 G\u00f6ttingen<br>Tel.: 017681132151<br>Mail: vorstand (at) procant (Punkt) de<\/p>\n\n\n\n<p>Registergericht: Amtsgericht G\u00f6ttingen VR 202431<\/p>\n","protected":false},"excerpt":{"rendered":"<p>Ensemble ProCant e.V.1. Vorsitzender: Stephan DiedrichAn der Bleichwiese 437073 G\u00f6ttingenTel.: 017681132151Mail: vorstand (at) procant (Punkt) de Registergericht: Amtsgericht G\u00f6ttingen VR 202431<\/p>\n","protected":false},"author":1,"featured_media":0,"parent":0,"menu_order":0,"comment_status":"closed","ping_status":"closed","template":"","meta":{"jetpack_post_was_ever_published":false,"footnotes":""},"class_list":["post-549","page","type-page","status-publish","hentry"],"jetpack_sharing_enabled":true,"jetpack_shortlink":"https:\/\/wp.me\/P65Fix-8R","jetpack-related-posts":[{"id":360,"url":"https:\/\/www.procant.de\/?page_id=360","url_meta":{"origin":549,"position":0},"title":"Chor und Leitung","author":"procant","date":"Januar 21, 2020","format":false,"excerpt":"Ensemble ProCant Das Ensemble ProCant besteht seit 2005 und erarbeitet in regelm\u00e4\u00dfigen Abst\u00e4nden ein Programm aus geistlicher oder weltlicher Chormusik. Projekte der vergangenen Jahre umfassten unter anderem Werke der Komponisten Bach, Mozart, Brahms, Mendelssohn Bartholdy, Rheinberger, Debussy, Elgar, Telemann, Faur\u00e9, Monteverdi, Orb\u00e1n, Jenkins, Gjeilo, Puccini, Herzogenberg und zuletzt die Misatango\u2026","rel":"","context":"\u00c4hnlicher Beitrag","block_context":{"text":"\u00c4hnlicher Beitrag","link":""},"img":{"alt_text":"","src":"https:\/\/i0.wp.com\/www.procant.de\/wp-content\/uploads\/2025\/07\/IMG_7596-1-scaled.jpeg?resize=350%2C200&ssl=1","width":350,"height":200,"srcset":"https:\/\/i0.wp.com\/www.procant.de\/wp-content\/uploads\/2025\/07\/IMG_7596-1-scaled.jpeg?resize=350%2C200&ssl=1 1x, https:\/\/i0.wp.com\/www.procant.de\/wp-content\/uploads\/2025\/07\/IMG_7596-1-scaled.jpeg?resize=525%2C300&ssl=1 1.5x, https:\/\/i0.wp.com\/www.procant.de\/wp-content\/uploads\/2025\/07\/IMG_7596-1-scaled.jpeg?resize=700%2C400&ssl=1 2x, https:\/\/i0.wp.com\/www.procant.de\/wp-content\/uploads\/2025\/07\/IMG_7596-1-scaled.jpeg?resize=1050%2C600&ssl=1 3x, https:\/\/i0.wp.com\/www.procant.de\/wp-content\/uploads\/2025\/07\/IMG_7596-1-scaled.jpeg?resize=1400%2C800&ssl=1 4x"},"classes":[]},{"id":30,"url":"https:\/\/www.procant.de\/?page_id=30","url_meta":{"origin":549,"position":1},"title":"Impressionen","author":"procant","date":"M\u00e4rz 3, 2015","format":false,"excerpt":"","rel":"","context":"\u00c4hnlicher Beitrag","block_context":{"text":"\u00c4hnlicher Beitrag","link":""},"img":{"alt_text":"","src":"https:\/\/i0.wp.com\/www.procant.de\/wp-content\/uploads\/2015\/03\/2013-02-03-16.59.23.jpg?resize=350%2C200","width":350,"height":200,"srcset":"https:\/\/i0.wp.com\/www.procant.de\/wp-content\/uploads\/2015\/03\/2013-02-03-16.59.23.jpg?resize=350%2C200 1x, https:\/\/i0.wp.com\/www.procant.de\/wp-content\/uploads\/2015\/03\/2013-02-03-16.59.23.jpg?resize=525%2C300 1.5x, https:\/\/i0.wp.com\/www.procant.de\/wp-content\/uploads\/2015\/03\/2013-02-03-16.59.23.jpg?resize=700%2C400 2x, https:\/\/i0.wp.com\/www.procant.de\/wp-content\/uploads\/2015\/03\/2013-02-03-16.59.23.jpg?resize=1050%2C600 3x, https:\/\/i0.wp.com\/www.procant.de\/wp-content\/uploads\/2015\/03\/2013-02-03-16.59.23.jpg?resize=1400%2C800 4x"},"classes":[]},{"id":684,"url":"https:\/\/www.procant.de\/?page_id=684","url_meta":{"origin":549,"position":2},"title":"Plakate","author":"procant","date":"Juli 18, 2025","format":false,"excerpt":"","rel":"","context":"\u00c4hnlicher Beitrag","block_context":{"text":"\u00c4hnlicher Beitrag","link":""},"img":{"alt_text":"","src":"https:\/\/i0.wp.com\/www.procant.de\/wp-content\/uploads\/2025\/11\/Advent_Plakat_2025.jpg?resize=350%2C200","width":350,"height":200,"srcset":"https:\/\/i0.wp.com\/www.procant.de\/wp-content\/uploads\/2025\/11\/Advent_Plakat_2025.jpg?resize=350%2C200 1x, https:\/\/i0.wp.com\/www.procant.de\/wp-content\/uploads\/2025\/11\/Advent_Plakat_2025.jpg?resize=525%2C300 1.5x, https:\/\/i0.wp.com\/www.procant.de\/wp-content\/uploads\/2025\/11\/Advent_Plakat_2025.jpg?resize=700%2C400 2x, https:\/\/i0.wp.com\/www.procant.de\/wp-content\/uploads\/2025\/11\/Advent_Plakat_2025.jpg?resize=1050%2C600 3x"},"classes":[]},{"id":98,"url":"https:\/\/www.procant.de\/?page_id=98","url_meta":{"origin":549,"position":3},"title":"Repertoire","author":"procant","date":"Mai 13, 2015","format":false,"excerpt":"","rel":"","context":"\u00c4hnlicher Beitrag","block_context":{"text":"\u00c4hnlicher Beitrag","link":""},"img":{"alt_text":"","src":"","width":0,"height":0},"classes":[]},{"id":541,"url":"https:\/\/www.procant.de\/?page_id=541","url_meta":{"origin":549,"position":4},"title":"Verein","author":"procant","date":"Dezember 10, 2024","format":false,"excerpt":"Sie wollen Mitglied werden? Laden Sie den Mitgliedsantrag herunter und senden Sie uns das ausgef\u00fcllte und unterschriebene Formular zu, am besten eingescannt als Mail-Anhang an vorstand@procant.de. Unsere Satzung und unsere Datenschutzerkl\u00e4rung finden Sie ebenfalls hier: Mitgliedsantrag Satzung Datenschutzerkl\u00e4rung Sie m\u00f6chten das Ensemble ProCant e.V. mit einer Spende unterst\u00fctzen? Hier finden\u2026","rel":"","context":"\u00c4hnlicher Beitrag","block_context":{"text":"\u00c4hnlicher Beitrag","link":""},"img":{"alt_text":"","src":"https:\/\/i0.wp.com\/www.procant.de\/wp-content\/uploads\/2025\/07\/qr-code-skatbank-1.png?resize=350%2C200&ssl=1","width":350,"height":200},"classes":[]},{"id":27,"url":"https:\/\/www.procant.de\/?page_id=27","url_meta":{"origin":549,"position":5},"title":"H\u00f6rproben","author":"procant","date":"M\u00e4rz 3, 2015","format":false,"excerpt":"M\u00e4rz 2025 https:\/\/youtu.be\/XgdZdoWKKG4 \u00a0 Dezember 2024 https:\/\/youtu.be\/o2LBQS1eqyg November 2024 https:\/\/youtu.be\/xzmUzORglSE \u00a0 Juli 2014 https:\/\/www.youtube.com\/watch?v=zLlMBuqdLY0 \u00a0 https:\/\/www.youtube.com\/watch?v=RlWhcaC4l_4 \u00a0 September 2012 https:\/\/www.youtube.com\/watch?v=8mdxrdFAzeE \u00a0 28.04.2012 https:\/\/www.youtube.com\/watch?v=xqUbvwy-4QM \u00a0 28.04.2012 https:\/\/www.youtube.com\/watch?v=7VHkFXURwrw \u00a0 20.02.2010 https:\/\/www.youtube.com\/watch?v=7hWHgH7OPtw","rel":"","context":"Mit 1 Kommentar","block_context":{"text":"Mit 1 Kommentar","link":"https:\/\/www.procant.de\/?page_id=27#comments"},"img":{"alt_text":"","src":"https:\/\/i0.wp.com\/img.youtube.com\/vi\/XgdZdoWKKG4\/0.jpg?resize=350%2C200","width":350,"height":200},"classes":[]}],"_links":{"self":[{"href":"https:\/\/www.procant.de\/index.php?rest_route=\/wp\/v2\/pages\/549","targetHints":{"allow":["GET"]}}],"collection":[{"href":"https:\/\/www.procant.de\/index.php?rest_route=\/wp\/v2\/pages"}],"about":[{"href":"https:\/\/www.procant.de\/index.php?rest_route=\/wp\/v2\/types\/page"}],"author":[{"embeddable":true,"href":"https:\/\/www.procant.de\/index.php?rest_route=\/wp\/v2\/users\/1"}],"replies":[{"embeddable":true,"href":"https:\/\/www.procant.de\/index.php?rest_route=%2Fwp%2Fv2%2Fcomments&post=549"}],"version-history":[{"count":2,"href":"https:\/\/www.procant.de\/index.php?rest_route=\/wp\/v2\/pages\/549\/revisions"}],"predecessor-version":[{"id":555,"href":"https:\/\/www.procant.de\/index.php?rest_route=\/wp\/v2\/pages\/549\/revisions\/555"}],"wp:attachment":[{"href":"https:\/\/www.procant.de\/index.php?rest_route=%2Fwp%2Fv2%2Fmedia&parent=549"}],"curies":[{"name":"wp","href":"https:\/\/api.w.org\/{rel}","templated":true}]}}